{"id":2466,"date":"2019-05-07T13:29:41","date_gmt":"2019-05-07T13:29:41","guid":{"rendered":"http:\/\/blacksilver.imaginem.co\/?page_id=2466"},"modified":"2022-03-07T08:50:40","modified_gmt":"2022-03-07T08:50:40","slug":"about","status":"publish","type":"page","link":"https:\/\/laurenceleleux.com\/de\/about\/","title":{"rendered":"\u00dcber mich"},"content":{"rendered":"<div data-elementor-type=\"wp-post\" data-elementor-id=\"2466\" class=\"elementor elementor-2466\">\n\t\t\t\t\t\t<section class=\"elementor-section elementor-top-section elementor-element elementor-element-821e58d elementor-section-boxed elementor-section-height-default elementor-section-height-default\" data-id=\"821e58d\" data-element_type=\"section\" data-settings=\"{&quot;background_background&quot;:&quot;classic&quot;}\">\n\t\t\t\t\t\t\t<div class=\"elementor-background-overlay\"><\/div>\n\t\t\t\t\t\t\t<div class=\"elementor-container elementor-column-gap-default\">\n\t\t\t\t\t<div class=\"elementor-column elementor-col-100 elementor-top-column elementor-element elementor-element-948b22c\" data-id=\"948b22c\" data-element_type=\"column\">\n\t\t\t<div class=\"elementor-widget-wrap elementor-element-populated\">\n\t\t\t\t\t\t<div class=\"elementor-element elementor-element-dd321f9 section-align-center section-size-large subtitle-style-default elementor-widget elementor-widget-section-heading\" data-id=\"dd321f9\" data-element_type=\"widget\" data-widget_type=\"section-heading.default\">\n\t\t\t\t<div class=\"elementor-widget-container\">\n\t\t\t<div class=\"section-heading headingstyle-subtitle\"><div class=\"section-title-wrapper\"><h2 class=\"entry-title section-title\">\u00dcber mich<\/h2><\/div><\/div>\t\t<\/div>\n\t\t\t\t<\/div>\n\t\t\t\t\t<\/div>\n\t\t<\/div>\n\t\t\t\t\t<\/div>\n\t\t<\/section>\n\t\t\t\t<section class=\"elementor-section elementor-top-section elementor-element elementor-element-9d77906 elementor-section-boxed elementor-section-height-default elementor-section-height-default\" data-id=\"9d77906\" data-element_type=\"section\" data-settings=\"{&quot;background_background&quot;:&quot;classic&quot;}\">\n\t\t\t\t\t\t\t<div class=\"elementor-background-overlay\"><\/div>\n\t\t\t\t\t\t\t<div class=\"elementor-container elementor-column-gap-no\">\n\t\t\t\t\t<div class=\"elementor-column elementor-col-50 elementor-top-column elementor-element elementor-element-5bbdbc0\" data-id=\"5bbdbc0\" data-element_type=\"column\" data-settings=\"{&quot;background_background&quot;:&quot;classic&quot;}\">\n\t\t\t<div class=\"elementor-widget-wrap elementor-element-populated\">\n\t\t\t\t\t\t<div class=\"elementor-element elementor-element-8194e32 elementor-widget elementor-widget-image\" data-id=\"8194e32\" data-element_type=\"widget\" data-widget_type=\"image.default\">\n\t\t\t\t<div class=\"elementor-widget-container\">\n\t\t\t\t\t\t\t\t\t\t\t\t\t<img fetchpriority=\"high\" decoding=\"async\" width=\"768\" height=\"705\" src=\"https:\/\/laurenceleleux.com\/wp-content\/uploads\/2021\/03\/portrait-laurence-leleux-768x705.jpg\" class=\"attachment-medium_large size-medium_large wp-image-5591\" alt=\"\" srcset=\"https:\/\/laurenceleleux.com\/wp-content\/uploads\/2021\/03\/portrait-laurence-leleux-768x705.jpg 768w, https:\/\/laurenceleleux.com\/wp-content\/uploads\/2021\/03\/portrait-laurence-leleux-300x276.jpg 300w, https:\/\/laurenceleleux.com\/wp-content\/uploads\/2021\/03\/portrait-laurence-leleux-1024x941.jpg 1024w, https:\/\/laurenceleleux.com\/wp-content\/uploads\/2021\/03\/portrait-laurence-leleux-800x735.jpg 800w, https:\/\/laurenceleleux.com\/wp-content\/uploads\/2021\/03\/portrait-laurence-leleux.jpg 1400w\" sizes=\"(max-width: 768px) 100vw, 768px\" \/>\t\t\t\t\t\t\t\t\t\t\t\t\t<\/div>\n\t\t\t\t<\/div>\n\t\t\t\t\t<\/div>\n\t\t<\/div>\n\t\t\t\t<div class=\"elementor-column elementor-col-50 elementor-top-column elementor-element elementor-element-ad1a451\" data-id=\"ad1a451\" data-element_type=\"column\">\n\t\t\t<div class=\"elementor-widget-wrap elementor-element-populated\">\n\t\t\t\t\t\t<div class=\"elementor-element elementor-element-2adb89f section-align-left animated-slow section-size-default subtitle-style-default elementor-invisible elementor-widget elementor-widget-section-heading\" data-id=\"2adb89f\" data-element_type=\"widget\" data-settings=\"{&quot;_animation&quot;:&quot;fadeIn&quot;}\" data-widget_type=\"section-heading.default\">\n\t\t\t\t<div class=\"elementor-widget-container\">\n\t\t\t<div class=\"section-heading headingstyle-default\"><div class=\"section-title-wrapper\"><h2 class=\"entry-title section-title\">Handgemachte H\u00fcte<\/h2><\/div><div class=\"section-description clearfix\"><div class=\"section-description-inner\"><p><strong>Fedora, Trilby, Capeline, Barett, Pillbox, Fascinator, Melone, Zylinder, Turban, Cloche, Kreiss\u00e4ge...<\/strong><\/p>\n<p>so viele mysteri\u00f6se Namen und interessante Formen, die Laurences Interesse und Leidenschaft f\u00fcr H\u00fcte geweckt haben. Sie machte ihre Ausbildung als Modistin in ihrer Heimatstadt Br\u00fcssel, deren eklektischen Stimmung ihren Stil definitiv gepr\u00e4gt und beeinflusst hat. Im Jahr 2000 zog Laurence nach D\u00fcsseldorf, wo sie Ihr Label gegr\u00fcndet hat. Seitdem hat sie ihre professionellen Aktivit\u00e4ten und Zusammenarbeiten ausgebaut und im Laufe der Jahre ihr Design und Handwerk verfeinert.<\/p>\n<\/div><\/div><\/div>\t\t<\/div>\n\t\t\t\t<\/div>\n\t\t\t\t\t<\/div>\n\t\t<\/div>\n\t\t\t\t\t<\/div>\n\t\t<\/section>\n\t\t\t\t<section class=\"elementor-section elementor-top-section elementor-element elementor-element-4761f84 elementor-section-boxed elementor-section-height-default elementor-section-height-default\" data-id=\"4761f84\" data-element_type=\"section\">\n\t\t\t\t\t\t<div class=\"elementor-container elementor-column-gap-default\">\n\t\t\t\t\t<div class=\"elementor-column elementor-col-100 elementor-top-column elementor-element elementor-element-da34d4a\" data-id=\"da34d4a\" data-element_type=\"column\">\n\t\t\t<div class=\"elementor-widget-wrap elementor-element-populated\">\n\t\t\t\t\t\t<div class=\"elementor-element elementor-element-f2acd47 elementor-widget elementor-widget-spacer\" data-id=\"f2acd47\" data-element_type=\"widget\" data-widget_type=\"spacer.default\">\n\t\t\t\t<div class=\"elementor-widget-container\">\n\t\t\t\t\t<div class=\"elementor-spacer\">\n\t\t\t<div class=\"elementor-spacer-inner\"><\/div>\n\t\t<\/div>\n\t\t\t\t<\/div>\n\t\t\t\t<\/div>\n\t\t\t\t\t<\/div>\n\t\t<\/div>\n\t\t\t\t\t<\/div>\n\t\t<\/section>\n\t\t\t\t<section class=\"elementor-section elementor-top-section elementor-element elementor-element-944e285 elementor-section-boxed elementor-section-height-default elementor-section-height-default\" data-id=\"944e285\" data-element_type=\"section\" data-settings=\"{&quot;background_background&quot;:&quot;classic&quot;}\">\n\t\t\t\t\t\t<div class=\"elementor-container elementor-column-gap-no\">\n\t\t\t\t\t<div class=\"elementor-column elementor-col-50 elementor-top-column elementor-element elementor-element-2ed12a3\" data-id=\"2ed12a3\" data-element_type=\"column\" data-settings=\"{&quot;background_background&quot;:&quot;classic&quot;}\">\n\t\t\t<div class=\"elementor-widget-wrap elementor-element-populated\">\n\t\t\t\t\t\t<div class=\"elementor-element elementor-element-b829660 section-align-right animated-slow section-size-default subtitle-style-default elementor-invisible elementor-widget elementor-widget-section-heading\" data-id=\"b829660\" data-element_type=\"widget\" data-settings=\"{&quot;_animation&quot;:&quot;fadeIn&quot;}\" data-widget_type=\"section-heading.default\">\n\t\t\t\t<div class=\"elementor-widget-container\">\n\t\t\t<div class=\"section-heading headingstyle-default\"><div class=\"section-title-wrapper\"><h2 class=\"entry-title section-title\">Mehr als ein einfaches Accessoire<\/h2><\/div><div class=\"section-description clearfix\"><div class=\"section-description-inner\"><p><span style=\"color: #333333;\">Die H\u00fcte von Laurence Leleux sind viel mehr als einfache Accessoires. Sie sind echte individuelle Kreationen. Sie k\u00f6nnen modisch, manchmal v\u00f6llig verspielt und extravagant oder einfach sch\u00f6n und praktisch sein.  Laurence Leleux spielt mit diesen verschiedenen Aspekten und kombiniert alte handwerkliche Techniken und viele verschiedene Materialien, um zeitgen\u00f6ssische Modelle zu erschaffen. Liebe zum Detail, ausgewogene Proportionen und eine perfekte Passform machen die H\u00fcte zu Unikaten, die die eigene Geschichte des Tr\u00e4gers erz\u00e4hlen.<\/span><\/p>\n<h2><span style=\"color: #333333;\"><strong>Feine Auswahl an Kopfbedeckungen<\/strong><\/span><\/h2>\n<p><span style=\"color: #333333;\">In dem Studio-Shop in D\u00fcsseldorf finden Sie eine feine Auswahl an Kopfbedeckungen f\u00fcr Damen und Herren und f\u00fcr - fast -jeden Anlass. Jedes St\u00fcck wird vor Ort handgefertigt, vom Entwurf bis zur Fertigung.<\/span><\/p>\n<p><span style=\"color: #333333;\">F\u00fcr individuelle H\u00fcte oder Sonderw\u00fcnsche nehmen Sie gerne Kontakt mit uns. <a style=\"color: #333333;\" href=\"http:\/\/wordpress.laurenceleleux.com\/contact\/\">Zur Kontaktseite<\/a>.<\/span><\/p>\n<\/div><\/div><\/div>\t\t<\/div>\n\t\t\t\t<\/div>\n\t\t\t\t\t<\/div>\n\t\t<\/div>\n\t\t\t\t<div class=\"elementor-column elementor-col-50 elementor-top-column elementor-element elementor-element-963cc60\" data-id=\"963cc60\" data-element_type=\"column\" data-settings=\"{&quot;background_background&quot;:&quot;classic&quot;}\">\n\t\t\t<div class=\"elementor-widget-wrap elementor-element-populated\">\n\t\t\t\t\t\t<div class=\"elementor-element elementor-element-7173f30 elementor-widget elementor-widget-image-gallery\" data-id=\"7173f30\" data-element_type=\"widget\" data-widget_type=\"image-gallery.default\">\n\t\t\t\t<div class=\"elementor-widget-container\">\n\t\t\t\t\t<div class=\"elementor-image-gallery\">\n\t\t\t<div id='gallery-1' class='gallery galleryid-2466 gallery-columns-2 gallery-size-blacksilver-gridblock-full-medium'><figure class='gallery-item'>\n\t\t\t<div class='gallery-icon landscape'>\n\t\t\t\t<a data-elementor-open-lightbox=\"yes\" data-elementor-lightbox-slideshow=\"7173f30\" data-elementor-lightbox-title=\"paille\" data-e-action-hash=\"#elementor-action%3Aaction%3Dlightbox%26settings%3DeyJpZCI6NTYwNywidXJsIjoiaHR0cHM6XC9cL2xhdXJlbmNlbGVsZXV4LmNvbVwvd3AtY29udGVudFwvdXBsb2Fkc1wvMjAyMVwvMDNcL3BhaWxsZS5qcGciLCJzbGlkZXNob3ciOiI3MTczZjMwIn0%3D\" href='https:\/\/laurenceleleux.com\/wp-content\/uploads\/2021\/03\/paille.jpg'><img decoding=\"async\" width=\"800\" height=\"531\" src=\"https:\/\/laurenceleleux.com\/wp-content\/uploads\/2021\/03\/paille.jpg\" class=\"attachment-blacksilver-gridblock-full-medium size-blacksilver-gridblock-full-medium\" alt=\"\" srcset=\"https:\/\/laurenceleleux.com\/wp-content\/uploads\/2021\/03\/paille.jpg 800w, https:\/\/laurenceleleux.com\/wp-content\/uploads\/2021\/03\/paille-300x199.jpg 300w, https:\/\/laurenceleleux.com\/wp-content\/uploads\/2021\/03\/paille-768x510.jpg 768w\" sizes=\"(max-width: 800px) 100vw, 800px\" \/><\/a>\n\t\t\t<\/div><\/figure><figure class='gallery-item'>\n\t\t\t<div class='gallery-icon landscape'>\n\t\t\t\t<a data-elementor-open-lightbox=\"yes\" data-elementor-lightbox-slideshow=\"7173f30\" data-elementor-lightbox-title=\"wooden form\" data-e-action-hash=\"#elementor-action%3Aaction%3Dlightbox%26settings%3DeyJpZCI6NTYwOCwidXJsIjoiaHR0cHM6XC9cL2xhdXJlbmNlbGVsZXV4LmNvbVwvd3AtY29udGVudFwvdXBsb2Fkc1wvMjAyMVwvMDNcL3dvb2Rlbi1mb3JtLmpwZyIsInNsaWRlc2hvdyI6IjcxNzNmMzAifQ%3D%3D\" href='https:\/\/laurenceleleux.com\/wp-content\/uploads\/2021\/03\/wooden-form.jpg'><img decoding=\"async\" width=\"800\" height=\"531\" src=\"https:\/\/laurenceleleux.com\/wp-content\/uploads\/2021\/03\/wooden-form.jpg\" class=\"attachment-blacksilver-gridblock-full-medium size-blacksilver-gridblock-full-medium\" alt=\"\" srcset=\"https:\/\/laurenceleleux.com\/wp-content\/uploads\/2021\/03\/wooden-form.jpg 800w, https:\/\/laurenceleleux.com\/wp-content\/uploads\/2021\/03\/wooden-form-300x199.jpg 300w, https:\/\/laurenceleleux.com\/wp-content\/uploads\/2021\/03\/wooden-form-768x510.jpg 768w\" sizes=\"(max-width: 800px) 100vw, 800px\" \/><\/a>\n\t\t\t<\/div><\/figure><figure class='gallery-item'>\n\t\t\t<div class='gallery-icon landscape'>\n\t\t\t\t<a data-elementor-open-lightbox=\"yes\" data-elementor-lightbox-slideshow=\"7173f30\" data-elementor-lightbox-title=\"detail hat\" data-e-action-hash=\"#elementor-action%3Aaction%3Dlightbox%26settings%3DeyJpZCI6NTYwNCwidXJsIjoiaHR0cHM6XC9cL2xhdXJlbmNlbGVsZXV4LmNvbVwvd3AtY29udGVudFwvdXBsb2Fkc1wvMjAyMVwvMDNcL2RldGFpbC1oYXQuanBnIiwic2xpZGVzaG93IjoiNzE3M2YzMCJ9\" href='https:\/\/laurenceleleux.com\/wp-content\/uploads\/2021\/03\/detail-hat.jpg'><img loading=\"lazy\" decoding=\"async\" width=\"800\" height=\"531\" src=\"https:\/\/laurenceleleux.com\/wp-content\/uploads\/2021\/03\/detail-hat.jpg\" class=\"attachment-blacksilver-gridblock-full-medium size-blacksilver-gridblock-full-medium\" alt=\"\" srcset=\"https:\/\/laurenceleleux.com\/wp-content\/uploads\/2021\/03\/detail-hat.jpg 800w, https:\/\/laurenceleleux.com\/wp-content\/uploads\/2021\/03\/detail-hat-300x199.jpg 300w, https:\/\/laurenceleleux.com\/wp-content\/uploads\/2021\/03\/detail-hat-768x510.jpg 768w\" sizes=\"(max-width: 800px) 100vw, 800px\" \/><\/a>\n\t\t\t<\/div><\/figure><figure class='gallery-item'>\n\t\t\t<div class='gallery-icon landscape'>\n\t\t\t\t<a data-elementor-open-lightbox=\"yes\" data-elementor-lightbox-slideshow=\"7173f30\" data-elementor-lightbox-title=\"detail hat feather\" data-e-action-hash=\"#elementor-action%3Aaction%3Dlightbox%26settings%3DeyJpZCI6NTYwMywidXJsIjoiaHR0cHM6XC9cL2xhdXJlbmNlbGVsZXV4LmNvbVwvd3AtY29udGVudFwvdXBsb2Fkc1wvMjAyMVwvMDNcL2RldGFpbC1oYXQtZmVhdGhlci5qcGciLCJzbGlkZXNob3ciOiI3MTczZjMwIn0%3D\" href='https:\/\/laurenceleleux.com\/wp-content\/uploads\/2021\/03\/detail-hat-feather.jpg'><img loading=\"lazy\" decoding=\"async\" width=\"800\" height=\"531\" src=\"https:\/\/laurenceleleux.com\/wp-content\/uploads\/2021\/03\/detail-hat-feather.jpg\" class=\"attachment-blacksilver-gridblock-full-medium size-blacksilver-gridblock-full-medium\" alt=\"\" srcset=\"https:\/\/laurenceleleux.com\/wp-content\/uploads\/2021\/03\/detail-hat-feather.jpg 800w, https:\/\/laurenceleleux.com\/wp-content\/uploads\/2021\/03\/detail-hat-feather-300x199.jpg 300w, https:\/\/laurenceleleux.com\/wp-content\/uploads\/2021\/03\/detail-hat-feather-768x510.jpg 768w\" sizes=\"(max-width: 800px) 100vw, 800px\" \/><\/a>\n\t\t\t<\/div><\/figure><figure class='gallery-item'>\n\t\t\t<div class='gallery-icon landscape'>\n\t\t\t\t<a data-elementor-open-lightbox=\"yes\" data-elementor-lightbox-slideshow=\"7173f30\" data-elementor-lightbox-title=\"hat needle\" data-e-action-hash=\"#elementor-action%3Aaction%3Dlightbox%26settings%3DeyJpZCI6NTYwNiwidXJsIjoiaHR0cHM6XC9cL2xhdXJlbmNlbGVsZXV4LmNvbVwvd3AtY29udGVudFwvdXBsb2Fkc1wvMjAyMVwvMDNcL2hhdC1uZWVkbGUuanBnIiwic2xpZGVzaG93IjoiNzE3M2YzMCJ9\" href='https:\/\/laurenceleleux.com\/wp-content\/uploads\/2021\/03\/hat-needle.jpg'><img loading=\"lazy\" decoding=\"async\" width=\"800\" height=\"488\" src=\"https:\/\/laurenceleleux.com\/wp-content\/uploads\/2021\/03\/hat-needle.jpg\" class=\"attachment-blacksilver-gridblock-full-medium size-blacksilver-gridblock-full-medium\" alt=\"\" srcset=\"https:\/\/laurenceleleux.com\/wp-content\/uploads\/2021\/03\/hat-needle.jpg 800w, https:\/\/laurenceleleux.com\/wp-content\/uploads\/2021\/03\/hat-needle-300x183.jpg 300w, https:\/\/laurenceleleux.com\/wp-content\/uploads\/2021\/03\/hat-needle-768x468.jpg 768w\" sizes=\"(max-width: 800px) 100vw, 800px\" \/><\/a>\n\t\t\t<\/div><\/figure><figure class='gallery-item'>\n\t\t\t<div class='gallery-icon landscape'>\n\t\t\t\t<a data-elementor-open-lightbox=\"yes\" data-elementor-lightbox-slideshow=\"7173f30\" data-elementor-lightbox-title=\"Filzstumpen\" data-e-action-hash=\"#elementor-action%3Aaction%3Dlightbox%26settings%3DeyJpZCI6NTYwNSwidXJsIjoiaHR0cHM6XC9cL2xhdXJlbmNlbGVsZXV4LmNvbVwvd3AtY29udGVudFwvdXBsb2Fkc1wvMjAyMVwvMDNcL0ZpbHpzdHVtcGVuLmpwZyIsInNsaWRlc2hvdyI6IjcxNzNmMzAifQ%3D%3D\" href='https:\/\/laurenceleleux.com\/wp-content\/uploads\/2021\/03\/Filzstumpen.jpg'><img loading=\"lazy\" decoding=\"async\" width=\"800\" height=\"531\" src=\"https:\/\/laurenceleleux.com\/wp-content\/uploads\/2021\/03\/Filzstumpen.jpg\" class=\"attachment-blacksilver-gridblock-full-medium size-blacksilver-gridblock-full-medium\" alt=\"\" srcset=\"https:\/\/laurenceleleux.com\/wp-content\/uploads\/2021\/03\/Filzstumpen.jpg 800w, https:\/\/laurenceleleux.com\/wp-content\/uploads\/2021\/03\/Filzstumpen-300x199.jpg 300w, https:\/\/laurenceleleux.com\/wp-content\/uploads\/2021\/03\/Filzstumpen-768x510.jpg 768w\" sizes=\"(max-width: 800px) 100vw, 800px\" \/><\/a>\n\t\t\t<\/div><\/figure><figure class='gallery-item'>\n\t\t\t<div class='gallery-icon landscape'>\n\t\t\t\t<a data-elementor-open-lightbox=\"yes\" data-elementor-lightbox-slideshow=\"7173f30\" data-elementor-lightbox-title=\"Laurence hands\" data-e-action-hash=\"#elementor-action%3Aaction%3Dlightbox%26settings%3DeyJpZCI6NTY5OCwidXJsIjoiaHR0cHM6XC9cL2xhdXJlbmNlbGVsZXV4LmNvbVwvd3AtY29udGVudFwvdXBsb2Fkc1wvMjAyMVwvMDNcL0xhdXJlbmNlLWhhbmRzLmpwZyIsInNsaWRlc2hvdyI6IjcxNzNmMzAifQ%3D%3D\" href='https:\/\/laurenceleleux.com\/wp-content\/uploads\/2021\/03\/Laurence-hands.jpg'><img loading=\"lazy\" decoding=\"async\" width=\"800\" height=\"450\" src=\"https:\/\/laurenceleleux.com\/wp-content\/uploads\/2021\/03\/Laurence-hands-800x450.jpg\" class=\"attachment-blacksilver-gridblock-full-medium size-blacksilver-gridblock-full-medium\" alt=\"\" srcset=\"https:\/\/laurenceleleux.com\/wp-content\/uploads\/2021\/03\/Laurence-hands-800x450.jpg 800w, https:\/\/laurenceleleux.com\/wp-content\/uploads\/2021\/03\/Laurence-hands-300x169.jpg 300w, https:\/\/laurenceleleux.com\/wp-content\/uploads\/2021\/03\/Laurence-hands-768x432.jpg 768w, https:\/\/laurenceleleux.com\/wp-content\/uploads\/2021\/03\/Laurence-hands.jpg 945w\" sizes=\"(max-width: 800px) 100vw, 800px\" \/><\/a>\n\t\t\t<\/div><\/figure><figure class='gallery-item'>\n\t\t\t<div class='gallery-icon landscape'>\n\t\t\t\t<a data-elementor-open-lightbox=\"yes\" data-elementor-lightbox-slideshow=\"7173f30\" data-elementor-lightbox-title=\"detail bow\" data-e-action-hash=\"#elementor-action%3Aaction%3Dlightbox%26settings%3DeyJpZCI6NTYwMiwidXJsIjoiaHR0cHM6XC9cL2xhdXJlbmNlbGVsZXV4LmNvbVwvd3AtY29udGVudFwvdXBsb2Fkc1wvMjAyMVwvMDNcL2RldGFpbC1ib3cuanBnIiwic2xpZGVzaG93IjoiNzE3M2YzMCJ9\" href='https:\/\/laurenceleleux.com\/wp-content\/uploads\/2021\/03\/detail-bow.jpg'><img loading=\"lazy\" decoding=\"async\" width=\"800\" height=\"460\" src=\"https:\/\/laurenceleleux.com\/wp-content\/uploads\/2021\/03\/detail-bow-800x460.jpg\" class=\"attachment-blacksilver-gridblock-full-medium size-blacksilver-gridblock-full-medium\" alt=\"\" srcset=\"https:\/\/laurenceleleux.com\/wp-content\/uploads\/2021\/03\/detail-bow-800x460.jpg 800w, https:\/\/laurenceleleux.com\/wp-content\/uploads\/2021\/03\/detail-bow-300x173.jpg 300w, https:\/\/laurenceleleux.com\/wp-content\/uploads\/2021\/03\/detail-bow-768x442.jpg 768w, https:\/\/laurenceleleux.com\/wp-content\/uploads\/2021\/03\/detail-bow.jpg 925w\" sizes=\"(max-width: 800px) 100vw, 800px\" \/><\/a>\n\t\t\t<\/div><\/figure>\n\t\t<\/div>\n\t\t<\/div>\n\t\t\t\t<\/div>\n\t\t\t\t<\/div>\n\t\t\t\t\t<\/div>\n\t\t<\/div>\n\t\t\t\t\t<\/div>\n\t\t<\/section>\n\t\t\t\t<section class=\"elementor-section elementor-top-section elementor-element elementor-element-3569f34 elementor-section-boxed elementor-section-height-default elementor-section-height-default\" data-id=\"3569f34\" data-element_type=\"section\">\n\t\t\t\t\t\t<div class=\"elementor-container elementor-column-gap-default\">\n\t\t\t\t\t<div class=\"elementor-column elementor-col-100 elementor-top-column elementor-element elementor-element-5b81d9c\" data-id=\"5b81d9c\" data-element_type=\"column\">\n\t\t\t<div class=\"elementor-widget-wrap elementor-element-populated\">\n\t\t\t\t\t\t<div class=\"elementor-element elementor-element-11c520f elementor-widget elementor-widget-spacer\" data-id=\"11c520f\" data-element_type=\"widget\" data-widget_type=\"spacer.default\">\n\t\t\t\t<div class=\"elementor-widget-container\">\n\t\t\t\t\t<div class=\"elementor-spacer\">\n\t\t\t<div class=\"elementor-spacer-inner\"><\/div>\n\t\t<\/div>\n\t\t\t\t<\/div>\n\t\t\t\t<\/div>\n\t\t\t\t\t<\/div>\n\t\t<\/div>\n\t\t\t\t\t<\/div>\n\t\t<\/section>\n\t\t\t\t<section class=\"elementor-section elementor-top-section elementor-element elementor-element-5780aa7 elementor-section-boxed elementor-section-height-default elementor-section-height-default\" data-id=\"5780aa7\" data-element_type=\"section\" data-settings=\"{&quot;background_background&quot;:&quot;classic&quot;}\">\n\t\t\t\t\t\t\t<div class=\"elementor-background-overlay\"><\/div>\n\t\t\t\t\t\t\t<div class=\"elementor-container elementor-column-gap-default\">\n\t\t\t\t\t<div class=\"elementor-column elementor-col-100 elementor-top-column elementor-element elementor-element-1d5af79\" data-id=\"1d5af79\" data-element_type=\"column\">\n\t\t\t<div class=\"elementor-widget-wrap elementor-element-populated\">\n\t\t\t\t\t\t<div class=\"elementor-element elementor-element-7e62682 elementor-widget elementor-widget-text-editor\" data-id=\"7e62682\" data-element_type=\"widget\" data-widget_type=\"text-editor.default\">\n\t\t\t\t<div class=\"elementor-widget-container\">\n\t\t\t\t\t\t\t<h3 style=\"text-align: center;\"><span style=\"color: #ffffff;\">Zum Image Film: Ein Video \u00fcber Inspiration, H\u00fcte und Handwerk<\/span><\/h3>\t\t\t\t\t\t<\/div>\n\t\t\t\t<\/div>\n\t\t\t\t\t<\/div>\n\t\t<\/div>\n\t\t\t\t\t<\/div>\n\t\t<\/section>\n\t\t\t\t<section class=\"elementor-section elementor-top-section elementor-element elementor-element-6520f8f elementor-section-boxed elementor-section-height-default elementor-section-height-default\" data-id=\"6520f8f\" data-element_type=\"section\" data-settings=\"{&quot;background_background&quot;:&quot;classic&quot;}\">\n\t\t\t\t\t\t\t<div class=\"elementor-background-overlay\"><\/div>\n\t\t\t\t\t\t\t<div class=\"elementor-container elementor-column-gap-default\">\n\t\t\t\t\t<div class=\"elementor-column elementor-col-100 elementor-top-column elementor-element elementor-element-b9ef266\" data-id=\"b9ef266\" data-element_type=\"column\">\n\t\t\t<div class=\"elementor-widget-wrap elementor-element-populated\">\n\t\t\t\t\t\t<div class=\"elementor-element elementor-element-d654292 elementor-widget elementor-widget-video\" data-id=\"d654292\" data-element_type=\"widget\" data-settings=\"{&quot;show_image_overlay&quot;:&quot;yes&quot;,&quot;image_overlay&quot;:{&quot;url&quot;:&quot;http:\\\/\\\/wordpress.laurenceleleux.com\\\/wp-content\\\/uploads\\\/2020\\\/12\\\/foto-video.jpg&quot;,&quot;id&quot;:4613,&quot;size&quot;:&quot;&quot;},&quot;video_type&quot;:&quot;vimeo&quot;}\" data-widget_type=\"video.default\">\n\t\t\t\t<div class=\"elementor-widget-container\">\n\t\t\t\t\t<div class=\"elementor-wrapper elementor-open-inline\">\n\t\t\t<iframe class=\"elementor-video-iframe\" allowfullscreen allow=\"clipboard-write\" title=\"vimeo Video Player\" src=\"https:\/\/player.vimeo.com\/video\/467514914?color&amp;autopause=0&amp;loop=0&amp;muted=0&amp;title=1&amp;portrait=1&amp;byline=1#t=\"><\/iframe>\t\t\t\t<div class=\"elementor-custom-embed-image-overlay\" style=\"background-image: url(https:\/\/laurenceleleux.com\/wp-content\/uploads\/2020\/12\/foto-video.jpg);\">\n\t\t\t\t\t\t\t\t\t\t\t\t\t\t\t\t<div class=\"elementor-custom-embed-play\" role=\"button\" aria-label=\"Video abspielen\" tabindex=\"0\">\n\t\t\t\t\t\t\t<i aria-hidden=\"true\" class=\"eicon-play\"><\/i>\t\t\t\t\t\t\t<span class=\"elementor-screen-only\">Video abspielen<\/span>\n\t\t\t\t\t\t<\/div>\n\t\t\t\t\t\t\t\t\t<\/div>\n\t\t\t\t\t<\/div>\n\t\t\t\t<\/div>\n\t\t\t\t<\/div>\n\t\t\t\t\t<\/div>\n\t\t<\/div>\n\t\t\t\t\t<\/div>\n\t\t<\/section>\n\t\t\t\t<section class=\"elementor-section elementor-top-section elementor-element elementor-element-7bbbcbb elementor-section-boxed elementor-section-height-default elementor-section-height-default\" data-id=\"7bbbcbb\" data-element_type=\"section\" data-settings=\"{&quot;background_background&quot;:&quot;classic&quot;}\">\n\t\t\t\t\t\t\t<div class=\"elementor-background-overlay\"><\/div>\n\t\t\t\t\t\t\t<div class=\"elementor-container elementor-column-gap-default\">\n\t\t\t\t\t<div class=\"elementor-column elementor-col-100 elementor-top-column elementor-element elementor-element-256c2a7\" data-id=\"256c2a7\" data-element_type=\"column\">\n\t\t\t<div class=\"elementor-widget-wrap elementor-element-populated\">\n\t\t\t\t\t\t<div class=\"elementor-element elementor-element-46576ff elementor-widget elementor-widget-spacer\" data-id=\"46576ff\" data-element_type=\"widget\" data-widget_type=\"spacer.default\">\n\t\t\t\t<div class=\"elementor-widget-container\">\n\t\t\t\t\t<div class=\"elementor-spacer\">\n\t\t\t<div class=\"elementor-spacer-inner\"><\/div>\n\t\t<\/div>\n\t\t\t\t<\/div>\n\t\t\t\t<\/div>\n\t\t\t\t\t<\/div>\n\t\t<\/div>\n\t\t\t\t\t<\/div>\n\t\t<\/section>\n\t\t\t\t<\/div>","protected":false},"excerpt":{"rendered":"<p>About Handmade hats Fedora, trilby, capeline, beret, pillbox, fascinator, toque, bowler, top hat, turban, cloche, boater\u2026 So many mysterious names and interesting shapes, which raised Laurence\u2019s interest and love for hats. She learned her hat making skills in her home-town Brussels, which eclectic mood affected and shaped her style. In year 2000 Laurence moved to D\u00fcsseldorf, Germany. It was there she founded her professional roots and has been since refining her design and craft over the years. More than simple [&hellip;]<\/p>\n","protected":false},"author":1,"featured_media":0,"parent":0,"menu_order":0,"comment_status":"closed","ping_status":"closed","template":"","meta":{"footnotes":""},"_links":{"self":[{"href":"https:\/\/laurenceleleux.com\/de\/wp-json\/wp\/v2\/pages\/2466"}],"collection":[{"href":"https:\/\/laurenceleleux.com\/de\/wp-json\/wp\/v2\/pages"}],"about":[{"href":"https:\/\/laurenceleleux.com\/de\/wp-json\/wp\/v2\/types\/page"}],"author":[{"embeddable":true,"href":"https:\/\/laurenceleleux.com\/de\/wp-json\/wp\/v2\/users\/1"}],"replies":[{"embeddable":true,"href":"https:\/\/laurenceleleux.com\/de\/wp-json\/wp\/v2\/comments?post=2466"}],"version-history":[{"count":388,"href":"https:\/\/laurenceleleux.com\/de\/wp-json\/wp\/v2\/pages\/2466\/revisions"}],"predecessor-version":[{"id":6633,"href":"https:\/\/laurenceleleux.com\/de\/wp-json\/wp\/v2\/pages\/2466\/revisions\/6633"}],"wp:attachment":[{"href":"https:\/\/laurenceleleux.com\/de\/wp-json\/wp\/v2\/media?parent=2466"}],"curies":[{"name":"wp","href":"https:\/\/api.w.org\/{rel}","templated":true}]}}