{"id":3888,"date":"2020-11-04T15:46:42","date_gmt":"2020-11-04T15:46:42","guid":{"rendered":"http:\/\/wordpress.laurenceleleux.com\/?page_id=3888"},"modified":"2024-05-16T15:20:23","modified_gmt":"2024-05-16T15:20:23","slug":"home","status":"publish","type":"page","link":"https:\/\/laurenceleleux.com\/de\/","title":{"rendered":"Home"},"content":{"rendered":"<div data-elementor-type=\"wp-page\" data-elementor-id=\"3888\" class=\"elementor elementor-3888\">\n\t\t\t\t\t\t<section class=\"elementor-section elementor-top-section elementor-element elementor-element-457bb9d elementor-section-full_width elementor-section-height-default elementor-section-height-default\" data-id=\"457bb9d\" data-element_type=\"section\" data-settings=\"{&quot;background_background&quot;:&quot;classic&quot;}\">\n\t\t\t\t\t\t\t<div class=\"elementor-background-overlay\"><\/div>\n\t\t\t\t\t\t\t<div class=\"elementor-container elementor-column-gap-no\">\n\t\t\t\t\t<div class=\"elementor-column elementor-col-100 elementor-top-column elementor-element elementor-element-45ca89a\" data-id=\"45ca89a\" data-element_type=\"column\">\n\t\t\t<div class=\"elementor-widget-wrap elementor-element-populated\">\n\t\t\t\t\t\t<div class=\"elementor-element elementor-element-3c7a6e1 elementor-widget__width-inherit slideshow-image-display-cover swiper-height-style-none slideshow-text-align-left elementor-widget elementor-widget-multi-slider\" data-id=\"3c7a6e1\" data-element_type=\"widget\" data-widget_type=\"multi-slider.default\">\n\t\t\t\t<div class=\"elementor-widget-container\">\n\t\t\t<div class=\"multislider-container-outer\"><div id=\"3888-69e046bcc1b89\" class=\"swiper-container swiper-init swiper-slides-overlay shortcode-multislider-container swiperpagination-yes swiper-columns-1 single-column-slider desktopoffset-yes mobileoffset-yes\" data-slidestyle=\"slide\" data-swiperpagination=\"yes\" data-autoplay=\"5000\" data-columns=\"1\" data-desktopoffset=\"yes\" data-mobileoffset=\"yes\" data-id=\"3888-69e046bcc1b89\">\n\t    <div class=\"swiper-wrapper\"><div class=\"swiper-slide\" style=\"background-image: url(https:\/\/laurenceleleux.com\/wp-content\/uploads\/2021\/03\/Slide1_neu6.jpg);\"><div class=\"swiper-contents\"><div class=\"swiper-title\">LAURENCE LELEUX<\/div><div class=\"swiper-desc\">Handgefertigte H\u00fcte<\/div><\/div><\/div><div class=\"swiper-slide\" style=\"background-image: url(https:\/\/laurenceleleux.com\/wp-content\/uploads\/2020\/12\/Slide2-1.jpg);\"><div class=\"swiper-contents\"><div class=\"swiper-title\">In D\u00fcsseldorf<\/div><div class=\"swiper-desc\"><\/div><\/div><\/div><div class=\"swiper-slide\" style=\"background-image: url(https:\/\/laurenceleleux.com\/wp-content\/uploads\/2020\/12\/Slide3_1400x.jpg);\"><div class=\"swiper-contents\"><div class=\"swiper-title\">F\u00fcr Frauen und M\u00e4nner<\/div><div class=\"swiper-desc\"><\/div><div class=\"button-shortcode bright\"><a title=\"\" href=\"https:\/\/laurenceleleux.com\/de\/portfolio\/\"><div class=\"mtheme-button\">Portfolio<\/div><\/a><\/div><\/div><\/div><div class=\"swiper-slide\" style=\"background-image: url(https:\/\/laurenceleleux.com\/wp-content\/uploads\/2020\/12\/Slide4_1400.jpg);\"><div class=\"swiper-contents\"><div class=\"swiper-title\">Online und im Laden<\/div><div class=\"swiper-desc\"><\/div><div class=\"button-shortcode bright\"><a title=\"\" href=\"https:\/\/www.etsy.com\/shop\/LaurenceLeleuxHats\" target=\"_blank\" rel=\"noopener\"><div class=\"mtheme-button\">Zum Shop<\/div><\/a><\/div><\/div><\/div><\/div><div class=\"swiper-pagination\"><\/div><div class=\"swiper-button-prev\"><i class=\"feather-icon-arrow-left\"><\/i><\/div><div class=\"swiper-button-next\"><i class=\"feather-icon-arrow-right\"><\/i><\/div><\/div><\/div>\t\t<\/div>\n\t\t\t\t<\/div>\n\t\t\t\t\t<\/div>\n\t\t<\/div>\n\t\t\t\t\t<\/div>\n\t\t<\/section>\n\t\t\t\t<section class=\"elementor-section elementor-top-section elementor-element elementor-element-519108e elementor-section-boxed elementor-section-height-default elementor-section-height-default\" data-id=\"519108e\" data-element_type=\"section\">\n\t\t\t\t\t\t<div class=\"elementor-container elementor-column-gap-default\">\n\t\t\t\t\t<div class=\"elementor-column elementor-col-100 elementor-top-column elementor-element elementor-element-56d9bd6\" data-id=\"56d9bd6\" data-element_type=\"column\">\n\t\t\t<div class=\"elementor-widget-wrap elementor-element-populated\">\n\t\t\t\t\t\t<div class=\"elementor-element elementor-element-686fc22 elementor-widget elementor-widget-spacer\" data-id=\"686fc22\" data-element_type=\"widget\" data-widget_type=\"spacer.default\">\n\t\t\t\t<div class=\"elementor-widget-container\">\n\t\t\t\t\t<div class=\"elementor-spacer\">\n\t\t\t<div class=\"elementor-spacer-inner\"><\/div>\n\t\t<\/div>\n\t\t\t\t<\/div>\n\t\t\t\t<\/div>\n\t\t\t\t<div class=\"elementor-element elementor-element-346a895 elementor-widget elementor-widget-split-headlines\" data-id=\"346a895\" data-element_type=\"widget\" data-widget_type=\"split-headlines.default\">\n\t\t\t\t<div class=\"elementor-widget-container\">\n\t\t\t<div class=\"multi-headlines-outer\"><div class=\"multi-headlines-wrap\"><div class=\"multi-headlines\"><h2 style=\"text-align: center;\">Handgemachte H\u00fcte<\/h2> <\/div><\/div><\/div>\t\t<\/div>\n\t\t\t\t<\/div>\n\t\t\t\t\t<\/div>\n\t\t<\/div>\n\t\t\t\t\t<\/div>\n\t\t<\/section>\n\t\t\t\t<section class=\"elementor-section elementor-top-section elementor-element elementor-element-cf3050f elementor-section-boxed elementor-section-height-default elementor-section-height-default elementor-invisible\" data-id=\"cf3050f\" data-element_type=\"section\" data-settings=\"{&quot;animation&quot;:&quot;fadeIn&quot;}\">\n\t\t\t\t\t\t<div class=\"elementor-container elementor-column-gap-extended\">\n\t\t\t\t\t<div class=\"elementor-column elementor-col-100 elementor-top-column elementor-element elementor-element-5bf7fa2\" data-id=\"5bf7fa2\" data-element_type=\"column\">\n\t\t\t<div class=\"elementor-widget-wrap elementor-element-populated\">\n\t\t\t\t\t\t<div class=\"elementor-element elementor-element-44e0bba animated-slow elementor-invisible elementor-widget elementor-widget-text-editor\" data-id=\"44e0bba\" data-element_type=\"widget\" data-settings=\"{&quot;_animation&quot;:&quot;fadeIn&quot;,&quot;_animation_delay&quot;:200}\" data-widget_type=\"text-editor.default\">\n\t\t\t\t<div class=\"elementor-widget-container\">\n\t\t\t\t\t\t\t<p style=\"text-align: center;\">Fedora, Trilby, Capeline, Barett, Pillbox, Fascinator, Melone, Zylinder, Turban, Cloche, Kreiss\u00e4ge... so viele mysteri\u00f6se Namen und interessante Formen, die Laurences Interesse und Leidenschaft f\u00fcr H\u00fcte geweckt haben. Sie machte ihre Ausbildung als Modistin in ihrer Heimatstadt Br\u00fcssel...\u00a0 <a href=\"https:\/\/laurenceleleux.com\/de\/about\/\">Weiter lesen<\/a><\/p>\t\t\t\t\t\t<\/div>\n\t\t\t\t<\/div>\n\t\t\t\t\t<\/div>\n\t\t<\/div>\n\t\t\t\t\t<\/div>\n\t\t<\/section>\n\t\t\t\t<section class=\"elementor-section elementor-top-section elementor-element elementor-element-13e1823 elementor-section-boxed elementor-section-height-default elementor-section-height-default\" data-id=\"13e1823\" data-element_type=\"section\">\n\t\t\t\t\t\t<div class=\"elementor-container elementor-column-gap-default\">\n\t\t\t\t\t<div class=\"elementor-column elementor-col-100 elementor-top-column elementor-element elementor-element-b4ad279\" data-id=\"b4ad279\" data-element_type=\"column\">\n\t\t\t<div class=\"elementor-widget-wrap elementor-element-populated\">\n\t\t\t\t\t\t<div class=\"elementor-element elementor-element-a80ec61 elementor-widget elementor-widget-spacer\" data-id=\"a80ec61\" data-element_type=\"widget\" data-widget_type=\"spacer.default\">\n\t\t\t\t<div class=\"elementor-widget-container\">\n\t\t\t\t\t<div class=\"elementor-spacer\">\n\t\t\t<div class=\"elementor-spacer-inner\"><\/div>\n\t\t<\/div>\n\t\t\t\t<\/div>\n\t\t\t\t<\/div>\n\t\t\t\t\t<\/div>\n\t\t<\/div>\n\t\t\t\t\t<\/div>\n\t\t<\/section>\n\t\t\t\t<section class=\"elementor-section elementor-top-section elementor-element elementor-element-b54088f elementor-section-boxed elementor-section-height-default elementor-section-height-default\" data-id=\"b54088f\" data-element_type=\"section\">\n\t\t\t\t\t\t<div class=\"elementor-container elementor-column-gap-default\">\n\t\t\t\t\t<div class=\"elementor-column elementor-col-100 elementor-top-column elementor-element elementor-element-8ce62d0\" data-id=\"8ce62d0\" data-element_type=\"column\">\n\t\t\t<div class=\"elementor-widget-wrap elementor-element-populated\">\n\t\t\t\t\t\t<div class=\"elementor-element elementor-element-e2dc5c7 section-align-center section-size-default subtitle-style-default elementor-widget elementor-widget-section-heading\" data-id=\"e2dc5c7\" data-element_type=\"widget\" data-widget_type=\"section-heading.default\">\n\t\t\t\t<div class=\"elementor-widget-container\">\n\t\t\t<div class=\"section-heading headingstyle-default\"><div class=\"section-title-wrapper\"><h2 class=\"entry-title section-title\">Portfolio<\/h2><\/div><\/div>\t\t<\/div>\n\t\t\t\t<\/div>\n\t\t\t\t\t<\/div>\n\t\t<\/div>\n\t\t\t\t\t<\/div>\n\t\t<\/section>\n\t\t\t\t<section class=\"elementor-section elementor-top-section elementor-element elementor-element-6d63df1 elementor-section-boxed elementor-section-height-default elementor-section-height-default\" data-id=\"6d63df1\" data-element_type=\"section\">\n\t\t\t\t\t\t<div class=\"elementor-container elementor-column-gap-default\">\n\t\t\t\t\t<div class=\"elementor-column elementor-col-100 elementor-top-column elementor-element elementor-element-24a65e4\" data-id=\"24a65e4\" data-element_type=\"column\">\n\t\t\t<div class=\"elementor-widget-wrap elementor-element-populated\">\n\t\t\t\t\t\t<div class=\"elementor-element elementor-element-303d530 elementor-widget elementor-widget-portfolio-grid\" data-id=\"303d530\" data-element_type=\"widget\" data-widget_type=\"portfolio-grid.default\">\n\t\t\t\t<div class=\"elementor-widget-container\">\n\t\t\t<div class=\"portfolio-grid-container lightgallery-container portfolio-gridblock-columns-wrap\"><div id=\"gridblock-container\" class=\"portfolio-gutter-spaced    has-effect-zoom grid-style-classic gridblock-three clearfix\" data-columns=\"3\"><div class=\"gridblock-element grid-animate-display-all isotope-displayed gridblock-element-id-6650 gridblock-element-order-1  gridblock-filterable\" data-portfolio=\"portfolio-6650\" data-id=\"id-2\"><div class=\"gridblock-grid-element gridblock-element-inner\" data-portfolioid=\"6650\"><div class=\"gridblock-background-hover\"><div class=\"gridblock-links-wrap box-title-\"><a class=\"column-gridblock-icon\" href=\"https:\/\/laurenceleleux.com\/de\/portfolios\/hatinators\/\"><span class=\"hover-icon-effect\"><i class=\"ion-ios-plus-empty\"><\/i><\/span><\/a><a data-elementor-open-lightbox=\"no\" data-exthumbimage=\"https:\/\/laurenceleleux.com\/wp-content\/uploads\/2022\/08\/1_hatinatorblue-160x160.jpg\" class=\"lightbox-active column-gridblock-icon column-gridblock-lightbox lightbox-image\" data-sub-html=\"&lt;div class=&quot;lightbox-text-wrap &quot;&gt;&lt;h4 class=&quot;lightbox-text lightbox-text-title&quot;&gt;1_hatinatorblue&lt;\/h4&gt;&lt;\/div&gt;\" href=\"https:\/\/laurenceleleux.com\/wp-content\/uploads\/2022\/08\/1_hatinatorblue.jpg\" data-src=\"https:\/\/laurenceleleux.com\/wp-content\/uploads\/2022\/08\/1_hatinatorblue.jpg\"><span class=\"hover-icon-effect\"><i class=\"ion-ios-search\"><\/i><\/span><\/a><\/div><\/div><img decoding=\"async\" src=\"https:\/\/laurenceleleux.com\/wp-content\/themes\/blacksilver\/images\/placeholders\/placeholder-770x770.gif\" data-src=\"https:\/\/laurenceleleux.com\/wp-content\/uploads\/2022\/08\/1_hatinatorblue-770x770.jpg\" alt=\"\" class=\"displayed-image lazyload\"\/><\/div><div class=\"work-details\"><h4><a href=\"https:\/\/laurenceleleux.com\/de\/portfolios\/hatinators\/\">Hatinators<\/a><\/h4><p class=\"entry-content work-description\">Faszinierender Kopfschmuck<\/p><\/div><\/div><div class=\"gridblock-element grid-animate-display-all isotope-displayed gridblock-element-id-6635 gridblock-element-order-2  gridblock-filterable\" data-portfolio=\"portfolio-6635\" data-id=\"id-3\"><div class=\"gridblock-grid-element gridblock-element-inner\" data-portfolioid=\"6635\"><div class=\"gridblock-background-hover\"><div class=\"gridblock-links-wrap box-title-\"><a class=\"column-gridblock-icon\" href=\"https:\/\/laurenceleleux.com\/de\/portfolios\/bride-styles\/\"><span class=\"hover-icon-effect\"><i class=\"ion-ios-plus-empty\"><\/i><\/span><\/a><a data-elementor-open-lightbox=\"no\" data-exthumbimage=\"https:\/\/laurenceleleux.com\/wp-content\/uploads\/2022\/08\/1_floppybrim-widehat-160x160.jpg\" class=\"lightbox-active column-gridblock-icon column-gridblock-lightbox lightbox-image\" data-sub-html=\"&lt;div class=&quot;lightbox-text-wrap &quot;&gt;&lt;h4 class=&quot;lightbox-text lightbox-text-title&quot;&gt;1_floppybrim-widehat&lt;\/h4&gt;&lt;\/div&gt;\" href=\"https:\/\/laurenceleleux.com\/wp-content\/uploads\/2022\/08\/1_floppybrim-widehat.jpg\" data-src=\"https:\/\/laurenceleleux.com\/wp-content\/uploads\/2022\/08\/1_floppybrim-widehat.jpg\"><span class=\"hover-icon-effect\"><i class=\"ion-ios-search\"><\/i><\/span><\/a><\/div><\/div><img decoding=\"async\" src=\"https:\/\/laurenceleleux.com\/wp-content\/themes\/blacksilver\/images\/placeholders\/placeholder-770x770.gif\" data-src=\"https:\/\/laurenceleleux.com\/wp-content\/uploads\/2022\/08\/1_floppybrim-widehat-770x770.jpg\" alt=\"\" class=\"displayed-image lazyload\"\/><\/div><div class=\"work-details\"><h4><a href=\"https:\/\/laurenceleleux.com\/de\/portfolios\/bride-styles\/\">Brautstyling<\/a><\/h4><p class=\"entry-content work-description\">Sag ja!<\/p><\/div><\/div><div class=\"gridblock-element grid-animate-display-all isotope-displayed gridblock-element-id-5872 gridblock-element-order-3  gridblock-filterable\" data-portfolio=\"portfolio-5872\" data-id=\"id-4\"><div class=\"gridblock-grid-element gridblock-element-inner\" data-portfolioid=\"5872\"><div class=\"gridblock-background-hover\"><div class=\"gridblock-links-wrap box-title-\"><a class=\"column-gridblock-icon\" href=\"https:\/\/laurenceleleux.com\/de\/portfolios\/summer-days\/\"><span class=\"hover-icon-effect\"><i class=\"ion-ios-plus-empty\"><\/i><\/span><\/a><a data-elementor-open-lightbox=\"no\" data-exthumbimage=\"https:\/\/laurenceleleux.com\/wp-content\/uploads\/2021\/03\/grosser-strohhut-gestreift-160x160.jpg\" class=\"lightbox-active column-gridblock-icon column-gridblock-lightbox lightbox-image\" data-sub-html=\"&lt;div class=&quot;lightbox-text-wrap &quot;&gt;&lt;h4 class=&quot;lightbox-text lightbox-text-title&quot;&gt;grosser strohhut gestreift&lt;\/h4&gt;&lt;\/div&gt;\" href=\"https:\/\/laurenceleleux.com\/wp-content\/uploads\/2021\/03\/grosser-strohhut-gestreift.jpg\" data-src=\"https:\/\/laurenceleleux.com\/wp-content\/uploads\/2021\/03\/grosser-strohhut-gestreift.jpg\"><span class=\"hover-icon-effect\"><i class=\"ion-ios-search\"><\/i><\/span><\/a><\/div><\/div><img decoding=\"async\" src=\"https:\/\/laurenceleleux.com\/wp-content\/themes\/blacksilver\/images\/placeholders\/placeholder-770x770.gif\" data-src=\"https:\/\/laurenceleleux.com\/wp-content\/uploads\/2021\/03\/grosser-strohhut-gestreift-770x770.jpg\" alt=\"\" class=\"displayed-image lazyload\"\/><\/div><div class=\"work-details\"><h4><a href=\"https:\/\/laurenceleleux.com\/de\/portfolios\/summer-days\/\">Strohh\u00fcte<\/a><\/h4><p class=\"entry-content work-description\">Zeitlose Designs im romantischen Stil<\/p><\/div><\/div><\/div><\/div>\t\t<\/div>\n\t\t\t\t<\/div>\n\t\t\t\t\t<\/div>\n\t\t<\/div>\n\t\t\t\t\t<\/div>\n\t\t<\/section>\n\t\t\t\t<section class=\"elementor-section elementor-top-section elementor-element elementor-element-071e734 elementor-section-boxed elementor-section-height-default elementor-section-height-default\" data-id=\"071e734\" data-element_type=\"section\">\n\t\t\t\t\t\t<div class=\"elementor-container elementor-column-gap-default\">\n\t\t\t\t\t<div class=\"elementor-column elementor-col-100 elementor-top-column elementor-element elementor-element-f7f312b\" data-id=\"f7f312b\" data-element_type=\"column\">\n\t\t\t<div class=\"elementor-widget-wrap elementor-element-populated\">\n\t\t\t\t\t\t<div class=\"elementor-element elementor-element-8a019cf elementor-align-center elementor-widget elementor-widget-button\" data-id=\"8a019cf\" data-element_type=\"widget\" data-widget_type=\"button.default\">\n\t\t\t\t<div class=\"elementor-widget-container\">\n\t\t\t\t\t<div class=\"elementor-button-wrapper\">\n\t\t\t<a class=\"elementor-button elementor-button-link elementor-size-md\" href=\"https:\/\/laurenceleleux.com\/de\/portfolio\/\">\n\t\t\t\t\t\t<span class=\"elementor-button-content-wrapper\">\n\t\t\t\t\t\t\t\t\t<span class=\"elementor-button-text\">Zum Portfolio<\/span>\n\t\t\t\t\t<\/span>\n\t\t\t\t\t<\/a>\n\t\t<\/div>\n\t\t\t\t<\/div>\n\t\t\t\t<\/div>\n\t\t\t\t\t<\/div>\n\t\t<\/div>\n\t\t\t\t\t<\/div>\n\t\t<\/section>\n\t\t\t\t<section class=\"elementor-section elementor-top-section elementor-element elementor-element-a98babb elementor-section-boxed elementor-section-height-default elementor-section-height-default\" data-id=\"a98babb\" data-element_type=\"section\">\n\t\t\t\t\t\t<div class=\"elementor-container elementor-column-gap-default\">\n\t\t\t\t\t<div class=\"elementor-column elementor-col-100 elementor-top-column elementor-element elementor-element-c721220\" data-id=\"c721220\" data-element_type=\"column\">\n\t\t\t<div class=\"elementor-widget-wrap elementor-element-populated\">\n\t\t\t\t\t\t<div class=\"elementor-element elementor-element-55659ba elementor-widget elementor-widget-spacer\" data-id=\"55659ba\" data-element_type=\"widget\" data-widget_type=\"spacer.default\">\n\t\t\t\t<div class=\"elementor-widget-container\">\n\t\t\t\t\t<div class=\"elementor-spacer\">\n\t\t\t<div class=\"elementor-spacer-inner\"><\/div>\n\t\t<\/div>\n\t\t\t\t<\/div>\n\t\t\t\t<\/div>\n\t\t\t\t\t<\/div>\n\t\t<\/div>\n\t\t\t\t\t<\/div>\n\t\t<\/section>\n\t\t\t\t<section class=\"elementor-section elementor-top-section elementor-element elementor-element-7e5221d elementor-section-boxed elementor-section-height-default elementor-section-height-default\" data-id=\"7e5221d\" data-element_type=\"section\" data-settings=\"{&quot;background_background&quot;:&quot;classic&quot;}\">\n\t\t\t\t\t\t\t<div class=\"elementor-background-overlay\"><\/div>\n\t\t\t\t\t\t\t<div class=\"elementor-container elementor-column-gap-default\">\n\t\t\t\t\t<div class=\"elementor-column elementor-col-100 elementor-top-column elementor-element elementor-element-f1ab87c\" data-id=\"f1ab87c\" data-element_type=\"column\">\n\t\t\t<div class=\"elementor-widget-wrap elementor-element-populated\">\n\t\t\t\t\t\t<div class=\"elementor-element elementor-element-8223f13 section-align-center section-size-large subtitle-style-default elementor-widget elementor-widget-section-heading\" data-id=\"8223f13\" data-element_type=\"widget\" data-widget_type=\"section-heading.default\">\n\t\t\t\t<div class=\"elementor-widget-container\">\n\t\t\t<div class=\"section-heading headingstyle-default\"><div class=\"section-title-wrapper\"><h2 class=\"entry-title section-title\"><\/h2><\/div><div class=\"section-description clearfix\"><div class=\"section-description-inner\"><p>Come &amp; visit me online on Etsy<\/p>\n<\/div><\/div><div class=\"section-button\"><a target=\"_blank\" rel=\"nofollow noopener\" href=\"https:\/\/www.etsy.com\/shop\/LaurenceLeleuxHats\"><div class=\"mtheme-button\">Zum online Shop<\/div><\/a><\/div><\/div>\t\t<\/div>\n\t\t\t\t<\/div>\n\t\t\t\t\t<\/div>\n\t\t<\/div>\n\t\t\t\t\t<\/div>\n\t\t<\/section>\n\t\t\t\t<section class=\"elementor-section elementor-top-section elementor-element elementor-element-3aa3995 elementor-section-boxed elementor-section-height-default elementor-section-height-default\" data-id=\"3aa3995\" data-element_type=\"section\">\n\t\t\t\t\t\t<div class=\"elementor-container elementor-column-gap-default\">\n\t\t\t\t\t<div class=\"elementor-column elementor-col-100 elementor-top-column elementor-element elementor-element-c423b00\" data-id=\"c423b00\" data-element_type=\"column\">\n\t\t\t<div class=\"elementor-widget-wrap elementor-element-populated\">\n\t\t\t\t\t\t<div class=\"elementor-element elementor-element-b2e276b elementor-widget elementor-widget-spacer\" data-id=\"b2e276b\" data-element_type=\"widget\" data-widget_type=\"spacer.default\">\n\t\t\t\t<div class=\"elementor-widget-container\">\n\t\t\t\t\t<div class=\"elementor-spacer\">\n\t\t\t<div class=\"elementor-spacer-inner\"><\/div>\n\t\t<\/div>\n\t\t\t\t<\/div>\n\t\t\t\t<\/div>\n\t\t\t\t\t<\/div>\n\t\t<\/div>\n\t\t\t\t\t<\/div>\n\t\t<\/section>\n\t\t\t\t<section class=\"elementor-section elementor-top-section elementor-element elementor-element-44882dc elementor-section-boxed elementor-section-height-default elementor-section-height-default\" data-id=\"44882dc\" data-element_type=\"section\">\n\t\t\t\t\t\t<div class=\"elementor-container elementor-column-gap-default\">\n\t\t\t\t\t<div class=\"elementor-column elementor-col-100 elementor-top-column elementor-element elementor-element-6c85f62\" data-id=\"6c85f62\" data-element_type=\"column\">\n\t\t\t<div class=\"elementor-widget-wrap elementor-element-populated\">\n\t\t\t\t\t\t<div class=\"elementor-element elementor-element-8077e35 elementor-widget elementor-widget-spacer\" data-id=\"8077e35\" data-element_type=\"widget\" data-widget_type=\"spacer.default\">\n\t\t\t\t<div class=\"elementor-widget-container\">\n\t\t\t\t\t<div class=\"elementor-spacer\">\n\t\t\t<div class=\"elementor-spacer-inner\"><\/div>\n\t\t<\/div>\n\t\t\t\t<\/div>\n\t\t\t\t<\/div>\n\t\t\t\t\t<\/div>\n\t\t<\/div>\n\t\t\t\t\t<\/div>\n\t\t<\/section>\n\t\t\t\t<\/div>","protected":false},"excerpt":{"rendered":"<p>LAURENCE LELEUXHats &#038; capsMade in D\u00fcsseldorfFor women &#038; menPortfolioOnline &#038; in-storeshop on Etsy Handmade hats Fedora, trilby, capeline, beret, pillbox, fascinator, toque, bowler, top hat, turban, cloche, boater\u2026 so many mysterious names and interesting shapes, which raised Laurence\u2019s interest and love for hats. She learned her hat making skills in her home-town Brussels..\u00a0 Read more Portfolio Bride styles Just say yes Summer days Timeless designs with a romantic touch Hatinators Fascinating headpieces View the whole portfolio Come &amp; visit me [&hellip;]<\/p>\n","protected":false},"author":1,"featured_media":0,"parent":0,"menu_order":0,"comment_status":"closed","ping_status":"closed","template":"","meta":{"footnotes":""},"_links":{"self":[{"href":"https:\/\/laurenceleleux.com\/de\/wp-json\/wp\/v2\/pages\/3888"}],"collection":[{"href":"https:\/\/laurenceleleux.com\/de\/wp-json\/wp\/v2\/pages"}],"about":[{"href":"https:\/\/laurenceleleux.com\/de\/wp-json\/wp\/v2\/types\/page"}],"author":[{"embeddable":true,"href":"https:\/\/laurenceleleux.com\/de\/wp-json\/wp\/v2\/users\/1"}],"replies":[{"embeddable":true,"href":"https:\/\/laurenceleleux.com\/de\/wp-json\/wp\/v2\/comments?post=3888"}],"version-history":[{"count":582,"href":"https:\/\/laurenceleleux.com\/de\/wp-json\/wp\/v2\/pages\/3888\/revisions"}],"predecessor-version":[{"id":6756,"href":"https:\/\/laurenceleleux.com\/de\/wp-json\/wp\/v2\/pages\/3888\/revisions\/6756"}],"wp:attachment":[{"href":"https:\/\/laurenceleleux.com\/de\/wp-json\/wp\/v2\/media?parent=3888"}],"curies":[{"name":"wp","href":"https:\/\/api.w.org\/{rel}","templated":true}]}}